{"id":54,"date":"2026-01-05T00:05:10","date_gmt":"2026-01-04T23:05:10","guid":{"rendered":"https:\/\/www.amilena.de\/de\/?page_id=54"},"modified":"2026-02-08T15:20:29","modified_gmt":"2026-02-08T14:20:29","slug":"faq","status":"publish","type":"page","link":"https:\/\/www.amilena.de\/de\/faq\/","title":{"rendered":"H\u00e4ufig gestellte Fragen"},"content":{"rendered":"<div class=\"wpb-content-wrapper\"><p>[vc_row full_width=&#8220;stretch_row_content&#8220;][vc_column offset=&#8220;vc_col-lg-offset-3 vc_col-lg-6&#8243;][vc_empty_space height=&#8220;24px&#8220;]<div class='dt-sc-icon-box type3 dt-sc-rounded'><div class=\"icon-wrapper\"><span class='fa fa-solid fa-question'> <\/span><\/div><div class=\"icon-content\"><h4>Allgemeine Fragen<\/h4><p><\/p><\/div><\/div>[vc_empty_space height=&#8220;24px&#8220;][vc_tta_accordion color=&#8220;white&#8220; gap=&#8220;15&#8243; c_icon=&#8220;chevron&#8220; active_section=&#8220;99&#8243; no_fill=&#8220;true&#8220; collapsible_all=&#8220;true&#8220;][vc_tta_section title=&#8220;Welche Dienstleistungen bietet Ihr Salon an?&#8220; tab_id=&#8220;1746532411094-91e60699-4ddd&#8220;][vc_column_text css=&#8220;&#8220;]Eine vollst\u00e4ndige \u00dcbersicht \u00fcber unsere Leistungen finden Sie auf der Seite <a title=\"Leistungen und Behandlungen\" href=\"\/de\/leistungen-und-behandlungen\/\"><u>\u201eLeistungen und Behandlungen\u201c<\/u><\/a>.[\/vc_column_text][\/vc_tta_section][vc_tta_section title=&#8220;Muss man einen Termin im Voraus buchen oder kann man spontan vorbeikommen?&#8220; tab_id=&#8220;1746532411102-d0446327-8ec2&#8243;][vc_column_text css=&#8220;&#8220;]Wir arbeiten ausschlie\u00dflich nach Terminvereinbarung, um jedem Kunden ausreichend Zeit und Aufmerksamkeit zu widmen.<\/p>\n<p>Wir empfehlen, rechtzeitig einen Termin zu buchen, um die gew\u00fcnschte Zeit zu sichern.[\/vc_column_text][\/vc_tta_section][vc_tta_section title=&#8220;Wie kann ich einen Termin buchen?&#8220; tab_id=&#8220;1746532484140-b78b1ae9-6a72&#8243;][vc_column_text css=&#8220;&#8220;]F\u00fcr Terminvereinbarungen schreiben Sie uns bitte \u00fcber <a href=\"https:\/\/wa.me\/491723656726\"><u>WhatsApp<\/u><\/a>.[\/vc_column_text][\/vc_tta_section][vc_tta_section title=&#8220;Arbeiten Sie an Wochenenden und Feiertagen?&#8220; tab_id=&#8220;1746532493906-b25cd0d7-5d58&#8243;][vc_column_text css=&#8220;&#8220;]An Wochenenden und Feiertagen haben wir geschlossen. Wir empfangen Sie jedoch gerne an Werktagen.<\/p>\n<p>Wir empfehlen eine fr\u00fchzeitige Terminbuchung.[\/vc_column_text][\/vc_tta_section][\/vc_tta_accordion][vc_empty_space height=&#8220;36px&#8220;]<div class='dt-sc-icon-box type3 dt-sc-rounded'><div class=\"icon-wrapper\"><span class='fa fa-solid fa-person-dots-from-line'> <\/span><\/div><div class=\"icon-content\"><h4>Leistungen und Behandlungen<\/h4><p><\/p><\/div><\/div>[vc_empty_space height=&#8220;24px&#8220;][vc_tta_accordion color=&#8220;white&#8220; gap=&#8220;15&#8243; c_icon=&#8220;chevron&#8220; active_section=&#8220;99&#8243; no_fill=&#8220;true&#8220; collapsible_all=&#8220;true&#8220;][vc_tta_section title=&#8220;Wie lange dauert eine Behandlung?&#8220; tab_id=&#8220;1746533804869-bb240718-3dd9&#8243;][vc_column_text css=&#8220;&#8220;]Informationen zur Dauer finden Sie auf der Seite <a title=\"Leistungen und Behandlungen\" href=\"\/de\/leistungen-und-behandlungen\/\"><u>\u201eLeistungen und Behandlungen\u201c<\/u><\/a>.[\/vc_column_text][\/vc_tta_section][vc_tta_section title=&#8220;Welche Behandlungen empfehlen Sie bei Problemhaut?&#8220; tab_id=&#8220;1746533804879-6eded994-0d16&#8243;][vc_column_text css=&#8220;&#8220;]Das h\u00e4ngt vom Ergebnis der Hautdiagnose ab.[\/vc_column_text][\/vc_tta_section][vc_tta_section title=&#8220;Sind Ihre kosmetischen Behandlungen sicher?&#8220; tab_id=&#8220;1746533850696-545db343-f498&#8243;][vc_column_text css=&#8220;&#8220;]<\/p>\n<p class=\"\" data-start=\"26\" data-end=\"190\">Alle Behandlungen werden unter Einhaltung aktueller Standards und notwendiger Sicherheitsma\u00dfnahmen durchgef\u00fchrt.<\/p>\n<p class=\"\" data-start=\"192\" data-end=\"335\">Wir w\u00e4hlen die Pflegemethoden sorgf\u00e4ltig aus \u2013 abgestimmt auf die individuellen Bed\u00fcrfnisse und Besonderheiten der Haut jedes einzelnen Kunden.<\/p>\n<p>[\/vc_column_text][\/vc_tta_section][vc_tta_section title=&#8220;Verwenden Sie professionelle Kosmetik? Welche Marken?&#8220; tab_id=&#8220;1746533860921-b2c4eb85-a603&#8243;][vc_column_text css=&#8220;&#8220;]<\/p>\n<p class=\"\" data-start=\"26\" data-end=\"224\">In unseren Behandlungen verwenden wir ausschlie\u00dflich professionelle Kosmetikprodukte von Apis, Farmona und anderen zuverl\u00e4ssigen Marken.<\/p>\n<p class=\"\" data-start=\"226\" data-end=\"438\">F\u00fcr jeden Hauttyp w\u00e4hlen wir individuell abgestimmte Produkte \u2013 von reinigenden Peelings und aktiven Seren bis hin zu n\u00e4hrenden Masken und sch\u00fctzenden Cremes \u2013, um bestm\u00f6gliche Ergebnisse und Komfort zu erzielen.<\/p>\n<p>[\/vc_column_text][\/vc_tta_section][vc_tta_section title=&#8220;Gibt es Kontraindikationen f\u00fcr Ihre Behandlungen?&#8220; tab_id=&#8220;1746533873573-f5fac7b6-dd95&#8243;][vc_column_text css=&#8220;&#8220;]Sicherheit und Ergebnis stehen bei uns an erster Stelle.<\/p>\n<p>Vor jeder Behandlung f\u00fchren wir eine Beratung durch, um Kontraindikationen auszuschlie\u00dfen.[\/vc_column_text][\/vc_tta_section][vc_tta_section title=&#8220;Wie viele Behandlungen sind notwendig, um Ergebnisse zu sehen?&#8220; tab_id=&#8220;1746533878932-eb739103-79d9&#8243;][vc_column_text css=&#8220;&#8220;]<\/p>\n<p class=\"\" data-start=\"26\" data-end=\"233\">Jede Haut ist einzigartig, aber in den meisten F\u00e4llen zeigen sich die ersten sichtbaren Ver\u00e4nderungen bereits nach wenigen Behandlungen.<\/p>\n<p class=\"\" data-start=\"235\" data-end=\"336\">Wir stellen stets einen optimalen Behandlungsplan zusammen, um das bestm\u00f6gliche Ergebnis zu erzielen.<\/p>\n<p>[\/vc_column_text][\/vc_tta_section][vc_tta_section title=&#8220;Wie lange h\u00e4lt das Ergebnis nach einer Behandlung an?&#8220; tab_id=&#8220;1746533894188-bd15b763-28b3&#8243;][vc_column_text css=&#8220;&#8220;]<\/p>\n<p class=\"\" data-start=\"26\" data-end=\"192\">Die Dauer des Effekts h\u00e4ngt von der jeweiligen Behandlung und den individuellen Eigenschaften Ihrer Haut ab.<\/p>\n<p class=\"\" data-start=\"194\" data-end=\"283\">Im Durchschnitt bleibt das Ergebnis mehrere Wochen bis hin zu einigen Monaten sichtbar.<\/p>\n<p class=\"\" data-start=\"285\" data-end=\"391\">Wir helfen Ihnen gerne dabei, die passende Pflege zur langfristigen Erhaltung des Ergebnisses auszuw\u00e4hlen.<\/p>\n<p>[\/vc_column_text][\/vc_tta_section][vc_tta_section title=&#8220;Kann man mehrere Behandlungen an einem Tag durchf\u00fchren?&#8220; tab_id=&#8220;1746533903229-4b1ed3d1-1ce6&#8243;][vc_column_text css=&#8220;&#8220;]Ja, einige Behandlungen lassen sich gut kombinieren.<\/p>\n<p>Wir beraten Sie gerne individuell.[\/vc_column_text][\/vc_tta_section][vc_tta_section title=&#8220;Welche Behandlung empfehlen Sie zur Hautverj\u00fcngung?&#8220; tab_id=&#8220;1746533913246-d2a57c84-9c33&#8243;][vc_column_text css=&#8220;&#8220;]<\/p>\n<p class=\"\" data-start=\"26\" data-end=\"282\">Die Wahl der Behandlung h\u00e4ngt vom Alter, Hautzustand und dem gew\u00fcnschten Effekt ab.<\/p>\n<p class=\"\" data-start=\"26\" data-end=\"282\">Zur Verj\u00fcngung empfehlen wir h\u00e4ufig Pflegen mit aktiven Seren, Microneedling oder Behandlungen mit Lifting-Effekt.<\/p>\n<p class=\"\" data-start=\"284\" data-end=\"352\">Bei der Beratung finden wir die passende Methode speziell f\u00fcr Sie.<\/p>\n<p>[\/vc_column_text][\/vc_tta_section][\/vc_tta_accordion][vc_empty_space height=&#8220;36px&#8220;]<div class='dt-sc-icon-box type3 dt-sc-rounded'><div class=\"icon-wrapper\"><span class='fa fa-solid fa-user-check'> <\/span><\/div><div class=\"icon-content\"><h4>Individuelle Betreuung<\/h4><p><\/p><\/div><\/div>[vc_empty_space height=&#8220;24px&#8220;][vc_tta_accordion color=&#8220;white&#8220; gap=&#8220;15&#8243; c_icon=&#8220;chevron&#8220; active_section=&#8220;99&#8243; no_fill=&#8220;true&#8220; collapsible_all=&#8220;true&#8220;][vc_tta_section title=&#8220;Gibt es bei Ihnen eine\/n Dermatologin\/en oder \u00c4rztin\/Arzt?&#8220; tab_id=&#8220;1746535025350-6ddd317a-6825&#8243;][vc_column_text css=&#8220;&#8220;]<\/p>\n<p class=\"\" data-start=\"26\" data-end=\"235\">Bei uns arbeitet kein\/e Dermatologe\/in oder \u00e4rztliche\/r Kosmetiker\/in, da wir uns auf \u00e4sthetische, nicht-invasive Behandlungen spezialisieren.<\/p>\n<p class=\"\" data-start=\"237\" data-end=\"365\">Alle Pflegen werden von einer zertifizierten Fachkraft mit besonderem Augenmerk auf Ihre Haut und Ihr Wohlbefinden durchgef\u00fchrt.<\/p>\n<p>[\/vc_column_text][\/vc_tta_section][vc_tta_section title=&#8220;Kann ich mich vor einer Behandlung beraten lassen?&#8220; tab_id=&#8220;1746535048583-d74552ad-a74e&#8220;][vc_column_text css=&#8220;&#8220;]Unbedingt! Vor jeder Behandlung f\u00fchren wir eine Beratung durch \u2013 das ist Ihre Gelegenheit, Fragen zu stellen, und unsere, die ideale Pflege f\u00fcr Ihre Haut auszuw\u00e4hlen.[\/vc_column_text][\/vc_tta_section][vc_tta_section title=&#8220;Kann ich mit einer Freundin \/ meinem Kind \/ meiner Mutter kommen?&#8220; tab_id=&#8220;1746535050568-33a0835b-83dc&#8220;][vc_column_text css=&#8220;&#8220;]Kinder k\u00f6nnen wir leider nicht empfangen.<\/p>\n<p>Begleitpersonen wie Freundinnen oder M\u00fctter sind jedoch herzlich willkommen.[\/vc_column_text][\/vc_tta_section][vc_tta_section title=&#8220;Sind Behandlungen w\u00e4hrend der Schwangerschaft m\u00f6glich?&#8220; tab_id=&#8220;1746535052098-05201614-1643&#8243;][vc_column_text css=&#8220;&#8220;]W\u00e4hrend der Schwangerschaft ist es besonders wichtig, Behandlungen sorgf\u00e4ltig auszuw\u00e4hlen.<\/p>\n<p>Wir beraten Sie individuell und bieten ausschlie\u00dflich solche Verfahren an, die in dieser Zeit absolut sicher sind.[\/vc_column_text][\/vc_tta_section][vc_tta_section title=&#8220;Was, wenn ich Allergien oder empfindliche Haut habe \u2013 w\u00e4hlen Sie die Produkte individuell aus?&#8220; tab_id=&#8220;1746535053204-436fb6c2-0a54&#8243;][vc_column_text css=&#8220;&#8220;]Wir ber\u00fccksichtigen stets Hautempfindlichkeit und Allergieneigung.<\/p>\n<p>Die Produkte werden individuell f\u00fcr jede Kundin und jeden Kunden ausgew\u00e4hlt, um bestm\u00f6gliche Ergebnisse zu erzielen und unerw\u00fcnschte Reaktionen zu vermeiden.[\/vc_column_text][\/vc_tta_section][vc_tta_section title=&#8220;Was muss ich nach der Behandlung beachten? Ist eine besondere Pflege notwendig?&#8220; tab_id=&#8220;1746535054599-774f9fc4-c106&#8243;][vc_column_text css=&#8220;&#8220;]<\/p>\n<p class=\"\" data-start=\"26\" data-end=\"215\">Nach der Behandlung ist es wichtig, unsere Pflegehinweise zu beachten, um das Ergebnis zu optimieren.<\/p>\n<p class=\"\" data-start=\"217\" data-end=\"365\">Wir stellen f\u00fcr Sie eine individuelle Pflegeroutine zusammen und empfehlen geeignete Produkte zur Unterst\u00fctzung des Effekts und zum Schutz der Haut.<\/p>\n<p>[\/vc_column_text][\/vc_tta_section][vc_tta_section title=&#8220;Wie bereite ich mich auf eine Behandlung vor?&#8220; tab_id=&#8220;1746535056109-d04d479b-29ed&#8220;][vc_column_text css=&#8220;&#8220;]F\u00fcr ein optimales Ergebnis empfehlen wir, am Vortag direkte Sonneneinstrahlung und aggressive Kosmetikprodukte zu vermeiden.<\/p>\n<p>Je nach Art der Behandlung geben wir Ihnen zus\u00e4tzlich individuelle Vorbereitungshinweise.[\/vc_column_text][\/vc_tta_section][vc_tta_section title=&#8220;Arbeiten Sie auch mit reifer Haut?&#8220; tab_id=&#8220;1746535057934-abbe8c83-46ba&#8220;][vc_column_text css=&#8220;&#8220;]Ja, wir behandeln auch reife Haut und bieten Verfahren an, die den Hautton und die Spannkraft verbessern.<\/p>\n<p>Zu unseren Leistungen geh\u00f6ren Microneedling, Plasma Pen und Lifting-Behandlungen, die effektiv Falten mindern und die Hautstruktur sichtbar verbessern.<\/p>\n<p>Eine vollst\u00e4ndige \u00dcbersicht unserer Angebote finden Sie auf der Seite <a href=\"\/de\/leistungen-und-behandlungen\/\">\u201eLeistungen und Behandlungen\u201c<\/a>.[\/vc_column_text][\/vc_tta_section][\/vc_tta_accordion][vc_empty_space height=&#8220;36px&#8220;]<div class='dt-sc-icon-box type3 dt-sc-rounded'><div class=\"icon-wrapper\"><span class='fa fa-solid fa-euro-sign'> <\/span><\/div><div class=\"icon-content\"><h4>Preise und Zahlung<\/h4><p><\/p><\/div><\/div>[vc_empty_space height=&#8220;24px&#8220;][vc_tta_accordion color=&#8220;white&#8220; gap=&#8220;15&#8243; c_icon=&#8220;chevron&#8220; active_section=&#8220;99&#8243; no_fill=&#8220;true&#8220; collapsible_all=&#8220;true&#8220;][vc_tta_section title=&#8220;Wie viel kosten die Behandlungen \/ die Beratung?&#8220; tab_id=&#8220;1746538088640-2f9ef60a-a202&#8243;][vc_column_text css=&#8220;&#8220;]Die Preise finden Sie auf der Seite <a title=\"Preise\" href=\"\/de\/preise\/\"><u>\u201ePreise\u201c<\/u><\/a>.[\/vc_column_text][\/vc_tta_section][vc_tta_section title=&#8220;Gibt es Rabatte oder Aktionen?&#8220; tab_id=&#8220;1746538115517-2fb5a53e-03b3&#8243;][vc_column_text css=&#8220;&#8220;]Ja, es gibt gelegentlich Angebote.<\/p>\n<p>Fragen Sie bei der Buchung oder w\u00e4hrend der Beratung nach.[\/vc_column_text][\/vc_tta_section][vc_tta_section title=&#8220;Kann ich mit Karte zahlen oder nur bar?&#8220; tab_id=&#8220;1746538116214-fd5fa073-491b&#8220;][vc_column_text css=&#8220;&#8220;]Wir akzeptieren Barzahlung. Andere Zahlungsmethoden stehen derzeit nicht zur Verf\u00fcgung.[\/vc_column_text][\/vc_tta_section][vc_tta_section title=&#8220;Bieten Sie Abos oder Behandlungspakete an?&#8220; tab_id=&#8220;1746538116890-4e742783-8052&#8243;][vc_column_text css=&#8220;&#8220;]Wenn Sie ein dauerhaftes Ergebnis anstreben, sind individuell zusammengestellte Pakete oder Behandlungskombinationen die beste Wahl. Alles wird auf Ihre Bed\u00fcrfnisse abgestimmt.[\/vc_column_text][\/vc_tta_section][\/vc_tta_accordion][vc_empty_space height=&#8220;36px&#8220;]<div class='dt-sc-icon-box type3 dt-sc-rounded'><div class=\"icon-wrapper\"><span class='fa fa-solid fa-user-shield'> <\/span><\/div><div class=\"icon-content\"><h4>Sicherheit und Qualit\u00e4t<\/h4><p><\/p><\/div><\/div>[vc_empty_space height=&#8220;24px&#8220;][vc_tta_accordion color=&#8220;white&#8220; gap=&#8220;15&#8243; c_icon=&#8220;chevron&#8220; active_section=&#8220;99&#8243; no_fill=&#8220;true&#8220; collapsible_all=&#8220;true&#8220;][vc_tta_section title=&#8220;Wie werden die Instrumente sterilisiert?&#8220; tab_id=&#8220;1746538596221-2a29ab74-36e6&#8243;][vc_column_text css=&#8220;&#8220;]Alle bei den Behandlungen verwendeten Instrumente werden gr\u00fcndlich sterilisiert \u2013 mithilfe eines Hei\u00dfluftsterilisators (Trockenschrank) und weiterer Desinfektionsmethoden \u2013, um maximale Sicherheit und Hygiene zu gew\u00e4hrleisten.[\/vc_column_text][\/vc_tta_section][vc_tta_section title=&#8220;Wer f\u00fchrt die Behandlungen durch \u2013 eine Kosmetikerin, \u00c4rztin oder Fachkraft?&#8220; tab_id=&#8220;1746538613721-6911d734-6806&#8243;][vc_column_text css=&#8220;&#8220;]Alle Behandlungen werden von einer professionellen Kosmetikerin-\u00c4sthetikerin mit entsprechender Ausbildung und Erfahrung durchgef\u00fchrt.<\/p>\n<p>Wir garantieren, dass jede Pflege individuell auf Ihre Bed\u00fcrfnisse und den Zustand Ihrer Haut abgestimmt wird.[\/vc_column_text][\/vc_tta_section][vc_tta_section title=&#8220;Haben Sie Lizenzen und Zertifikate?&#8220; tab_id=&#8220;1746538615381-6fef1b8d-9672&#8243;][vc_column_text css=&#8220;&#8220;]Wir verf\u00fcgen \u00fcber alle notwendigen Lizenzen und Zertifikate f\u00fcr die Erbringung kosmetologischer Dienstleistungen.<\/p>\n<p>Dies gew\u00e4hrleistet die Qualit\u00e4t und Sicherheit aller von uns durchgef\u00fchrten Verfahren.[\/vc_column_text][\/vc_tta_section][vc_tta_section title=&#8220;Welche Beh\u00f6rde kontrolliert Ihre T\u00e4tigkeit?&#8220; tab_id=&#8220;1746538617160-9618d08e-fa27&#8243;][vc_column_text css=&#8220;&#8220;]Die T\u00e4tigkeit des Salons wird von der Handwerkskammer S\u00fcdwestfalen reguliert.[\/vc_column_text][\/vc_tta_section][\/vc_tta_accordion][vc_empty_space height=&#8220;36px&#8220;]<div class='dt-sc-icon-box type3 dt-sc-rounded'><div class=\"icon-wrapper\"><span class='fa fa-solid fa-rotate'> <\/span><\/div><div class=\"icon-content\"><h4>Terminabsage und Verschiebung<\/h4><p><\/p><\/div><\/div>[vc_empty_space height=&#8220;24px&#8220;][vc_tta_accordion color=&#8220;white&#8220; gap=&#8220;15&#8243; c_icon=&#8220;chevron&#8220; active_section=&#8220;99&#8243; no_fill=&#8220;true&#8220; collapsible_all=&#8220;true&#8220;][vc_tta_section title=&#8220;Kann ich meinen Termin absagen oder verschieben? Wie fr\u00fch?&#8220; tab_id=&#8220;1746539123103-c9a329a4-811a&#8220;][vc_column_text css=&#8220;&#8220;]Ja, Sie k\u00f6nnen einen Termin absagen oder verschieben.<\/p>\n<p>Wir bitten Sie, uns sp\u00e4testens 24 Stunden vor dem Termin zu informieren, um Flexibilit\u00e4t f\u00fcr andere Buchungen zu gew\u00e4hrleisten.[\/vc_column_text][\/vc_tta_section][vc_tta_section title=&#8220;Was passiert, wenn ich zu sp\u00e4t komme?&#8220; tab_id=&#8220;1746539136321-e992806d-ae74&#8243;][vc_column_text css=&#8220;&#8220;]Bei einer Versp\u00e4tung bis zu 15 Minuten f\u00fchren wir die Behandlung durch.<\/p>\n<p>Bei l\u00e4ngerer Versp\u00e4tung muss der Termin verschoben oder abgesagt werden.[\/vc_column_text][\/vc_tta_section][\/vc_tta_accordion][vc_empty_space height=&#8220;24px&#8220;][vc_separator color=&#8220;custom&#8220; style=&#8220;dotted&#8220; border_width=&#8220;2&#8243; css=&#8220;&#8220; accent_color=&#8220;#FEAA07&#8243;][vc_empty_space height=&#8220;24px&#8220;][vc_cta h2=&#8220;Haben Sie immer noch Zweifel oder keine Antwort auf Ihre Frage gefunden?&#8220; h2_font_container=&#8220;tag:h3|text_align:left&#8220; h2_use_theme_fonts=&#8220;yes&#8220; add_icon=&#8220;left&#8220; i_icon_fontawesome=&#8220;fa fa-regular fa-comments&#8220; i_color=&#8220;black&#8220; i_background_style=&#8220;rounded&#8220; i_background_color=&#8220;custom&#8220; css_animation=&#8220;fadeInUp&#8220; css=&#8220;&#8220; use_custom_fonts_h2=&#8220;true&#8220; i_on_border=&#8220;true&#8220; i_custom_background_color=&#8220;#f0f0f0&#8243;]<\/p>\n<h4>Schreiben Sie uns gerne via <a href=\"https:\/\/wa.me\/491723656726\"><u>WhatsApp<\/u><\/a> oder besuchen Sie unsere <a href=\"\/de\/kontakt-und-lage\/\"><u>Kontaktseite<\/u><\/a>.<\/h4>\n<p>[\/vc_cta][vc_empty_space height=&#8220;24px&#8220;][\/vc_column][\/vc_row]<\/p>\n<\/div>","protected":false},"excerpt":{"rendered":"<p>[vc_row full_width=&#8220;stretch_row_content&#8220;][vc_column offset=&#8220;vc_col-lg-offset-3 vc_col-lg-6&#8243;][vc_empty_space height=&#8220;24px&#8220;][vc_empty_space height=&#8220;24px&#8220;][vc_tta_accordion color=&#8220;white&#8220; gap=&#8220;15&#8243; c_icon=&#8220;chevron&#8220; active_section=&#8220;99&#8243; no_fill=&#8220;true&#8220; collapsible_all=&#8220;true&#8220;][vc_tta_section title=&#8220;Welche Dienstleistungen bietet Ihr Salon an?&#8220; tab_id=&#8220;1746532411094-91e60699-4ddd&#8220;][vc_column_text css=&#8220;&#8220;]Eine vollst\u00e4ndige \u00dcbersicht \u00fcber unsere Leistungen finden Sie auf der Seite \u201eLeistungen und Behandlungen\u201c.[\/vc_column_text][\/vc_tta_section][vc_tta_section title=&#8220;Muss man einen Termin im Voraus buchen oder kann man spontan vorbeikommen?&#8220; tab_id=&#8220;1746532411102-d0446327-8ec2&#8243;][vc_column_text css=&#8220;&#8220;]Wir arbeiten ausschlie\u00dflich nach Terminvereinbarung, um jedem Kunden ausreichend [&hellip;]<\/p>\n","protected":false},"author":1,"featured_media":508,"parent":0,"menu_order":0,"comment_status":"closed","ping_status":"closed","template":"","meta":{"footnotes":""},"class_list":["post-54","page","type-page","status-publish","has-post-thumbnail","hentry"],"aioseo_notices":[],"_links":{"self":[{"href":"https:\/\/www.amilena.de\/de\/wp-json\/wp\/v2\/pages\/54","targetHints":{"allow":["GET"]}}],"collection":[{"href":"https:\/\/www.amilena.de\/de\/wp-json\/wp\/v2\/pages"}],"about":[{"href":"https:\/\/www.amilena.de\/de\/wp-json\/wp\/v2\/types\/page"}],"author":[{"embeddable":true,"href":"https:\/\/www.amilena.de\/de\/wp-json\/wp\/v2\/users\/1"}],"replies":[{"embeddable":true,"href":"https:\/\/www.amilena.de\/de\/wp-json\/wp\/v2\/comments?post=54"}],"version-history":[{"count":17,"href":"https:\/\/www.amilena.de\/de\/wp-json\/wp\/v2\/pages\/54\/revisions"}],"predecessor-version":[{"id":660,"href":"https:\/\/www.amilena.de\/de\/wp-json\/wp\/v2\/pages\/54\/revisions\/660"}],"wp:featuredmedia":[{"embeddable":true,"href":"https:\/\/www.amilena.de\/de\/wp-json\/wp\/v2\/media\/508"}],"wp:attachment":[{"href":"https:\/\/www.amilena.de\/de\/wp-json\/wp\/v2\/media?parent=54"}],"curies":[{"name":"wp","href":"https:\/\/api.w.org\/{rel}","templated":true}]}}